{"id":62,"date":"2024-02-21T17:30:13","date_gmt":"2024-02-21T16:30:13","guid":{"rendered":"http:\/\/walabokevent.com\/?page_id=62"},"modified":"2024-02-21T17:54:12","modified_gmt":"2024-02-21T16:54:12","slug":"nos-services","status":"publish","type":"page","link":"https:\/\/walabokevent.com\/index.php\/nos-services\/","title":{"rendered":"Nos services"},"content":{"rendered":"<div class=\"introduction-box\"><div class=\"flex-element flex-wrap align-flex-vert row\"><div class=\"col-6\"><div class=\"about_fig wow zoomIn\" data-wow-duration=\"2s\"><img decoding=\"async\" src=\"http:\/\/walabokevent.com\/wp-content\/uploads\/2024\/02\/Walabo-event-about.png\" alt=\"\"><\/div><\/div><!-- about_fig --><div class=\"about_content col-6\"><div class=\"inner_about_content wow zoomIn\" data-wow-duration=\"2s\"><div class=\"section_head\"><h4 class=\"section_sub_title\">Walabok Event<\/h4><h2 class=\"section_title\"> <strong>Nos Services :<\/strong><\/h2><\/div><p><\/p>\n<ul>\n<li>Planification et coordination d&rsquo;\u00e9v\u00e9nements corporatifs : conf\u00e9rences, s\u00e9minaires, galas, lancements de produits, etc.<\/li>\n<li>Organisation d&rsquo;\u00e9v\u00e9nements sociaux : mariages, anniversaires, f\u00eates priv\u00e9es, etc.<\/li>\n<li>Gestion de festivals et d&rsquo;\u00e9v\u00e9nements communautaires : concerts, foires, expositions, etc.<\/li>\n<li>Services de design et de d\u00e9coration \u00e9v\u00e9nementielle : cr\u00e9ation de concepts, d\u00e9coration florale, am\u00e9nagement de l&rsquo;espace, etc.<\/li>\n<li>Services de divertissement et de production : artistes, DJ, son et lumi\u00e8res, effets sp\u00e9ciaux, etc.<\/li>\n<li>Services de marketing et de communication \u00e9v\u00e9nementielle : strat\u00e9gie de marque, promotion, gestion des m\u00e9dias sociaux.<\/li>\n<\/ul>\n<p>\n<\/p><div class=\"mt-30\"><\/div><\/div><\/div><!-- about_content --><div class=\"clear\"><\/div><\/div><\/div><!-- introduction box -->\n","protected":false},"excerpt":{"rendered":"","protected":false},"author":1,"featured_media":0,"parent":0,"menu_order":0,"comment_status":"closed","ping_status":"closed","template":"page-templates\/template-full-width.php","meta":{"_monsterinsights_skip_tracking":false,"_monsterinsights_sitenote_active":false,"_monsterinsights_sitenote_note":"","_monsterinsights_sitenote_category":0,"footnotes":""},"class_list":["post-62","page","type-page","status-publish","hentry"],"_links":{"self":[{"href":"https:\/\/walabokevent.com\/index.php\/wp-json\/wp\/v2\/pages\/62","targetHints":{"allow":["GET"]}}],"collection":[{"href":"https:\/\/walabokevent.com\/index.php\/wp-json\/wp\/v2\/pages"}],"about":[{"href":"https:\/\/walabokevent.com\/index.php\/wp-json\/wp\/v2\/types\/page"}],"author":[{"embeddable":true,"href":"https:\/\/walabokevent.com\/index.php\/wp-json\/wp\/v2\/users\/1"}],"replies":[{"embeddable":true,"href":"https:\/\/walabokevent.com\/index.php\/wp-json\/wp\/v2\/comments?post=62"}],"version-history":[{"count":2,"href":"https:\/\/walabokevent.com\/index.php\/wp-json\/wp\/v2\/pages\/62\/revisions"}],"predecessor-version":[{"id":77,"href":"https:\/\/walabokevent.com\/index.php\/wp-json\/wp\/v2\/pages\/62\/revisions\/77"}],"wp:attachment":[{"href":"https:\/\/walabokevent.com\/index.php\/wp-json\/wp\/v2\/media?parent=62"}],"curies":[{"name":"wp","href":"https:\/\/api.w.org\/{rel}","templated":true}]}}